{"id":4774,"date":"2024-02-15T11:59:08","date_gmt":"2024-02-15T10:59:08","guid":{"rendered":"http:\/\/elecmegom.com\/services\/"},"modified":"2024-02-22T13:47:24","modified_gmt":"2024-02-22T12:47:24","slug":"services","status":"publish","type":"page","link":"https:\/\/elecmegom.com\/fr\/services\/","title":{"rendered":"Services"},"content":{"rendered":"<div class=\"wpb-content-wrapper\"><p>[vc_row bg_color=\u00a0\u00bb#e8e8e8&Prime; class=\u00a0\u00bbfila-gris\u00a0\u00bb][vc_column animation=\u00a0\u00bb0&Prime; width=\u00a0\u00bb1\/2&Prime; el_class=\u00a0\u00bbfila\u00a0\u00bb][vc_column_text]<\/p>\n<h2>Service apr\u00e8s-vente<\/h2>\n<p>Notre service d&rsquo;assistance technique est ouvert de 9h00 \u00e0 18h00 du lundi au vendredi, pr\u00eat \u00e0 r\u00e9pondre \u00e0 tout incident pouvant survenir avec l&rsquo;un de nos produits, un personnel qualifi\u00e9 qui sera en mesure de fournir une solution rapide et personnalis\u00e9e afin que le client soit soutenu dans ces situations.<\/p>\n<p>Ce service peut \u00eatre fourni en espagnol et en anglais.<br \/>\nIl existe \u00e9galement une adresse \u00e9lectronique d&rsquo;assistance technique, elecmegom@elecmegom.com, \u00e0 laquelle il est possible d&rsquo;acc\u00e9der pour des questions o\u00f9 il est n\u00e9cessaire de partager des informations, des photos, des diagrammes et d&rsquo;autres documents susceptibles de pr\u00e9senter un int\u00e9r\u00eat.[\/vc_column_text][\/vc_column][vc_column animation=\u00a0\u00bb0&Prime; width=\u00a0\u00bb1\/2&Prime; el_class=\u00a0\u00bbfila\u00a0\u00bb][vc_column_text]<img decoding=\"async\" src=\"\/..\/..\/wp-content\/uploads\/2023\/12\/servicio-tecnico-postventa.jpg\" width=\"520\" \/>[\/vc_column_text][\/vc_column][\/vc_row][vc_row][vc_column animation=\u00a0\u00bb0&Prime; width=\u00a0\u00bb1\/2&Prime; el_class=\u00a0\u00bbfila\u00a0\u00bb][vc_column_text]<img decoding=\"async\" src=\"\/..\/..\/wp-content\/uploads\/2023\/12\/area-formacion.jpg\" width=\"520\" \/>[\/vc_column_text][\/vc_column][vc_column animation=\u00a0\u00bb0&Prime; width=\u00a0\u00bb1\/2&Prime; el_class=\u00a0\u00bbfila\u00a0\u00bb][vc_column_text]<\/p>\n<h2>Zone de formation<\/h2>\n<p>\u00c9tant donn\u00e9 l&rsquo;importance pour toute entreprise que son personnel soit au plus haut niveau de qualification possible, nous mettons \u00e0 disposition notre d\u00e9partement de formation pour r\u00e9aliser des cours de formation et des conf\u00e9rences, tant sur les \u00e9l\u00e9ments fabriqu\u00e9s par Elecmegom que sur ceux qui font partie de notre produit sans \u00eatre fabriqu\u00e9s en interne, tels que les convertisseurs de fr\u00e9quence.<\/p>\n<p>Une formation qui, compte tenu des changements constants d&rsquo;\u00e9l\u00e9ments et des nouveaux produits ou de leurs mises \u00e0 jour, rend indispensable que les techniciens aient la possibilit\u00e9 de recevoir ces connaissances de la mani\u00e8re la plus claire et la plus simple, l&rsquo;utilisation optimale de cette formation se transformera en une plus grande performance dans les efforts du personnel au moment de l&rsquo;\u00e9laboration de son travail.[\/vc_column_text][\/vc_column][\/vc_row][vc_row][vc_column animation=\u00a0\u00bb0&Prime; width=\u00a0\u00bb1\/2&Prime; el_class=\u00a0\u00bbfila\u00a0\u00bb][vc_column_text]<\/p>\n<h2>Garantie<\/h2>\n<p>Tous nos produits ont une p\u00e9riode de garantie de 2 ans, \u00e0 partir de la date de livraison ou d&rsquo;exp\u00e9dition du mat\u00e9riel, cette garantie inclut les \u00e9l\u00e9ments qui ne sont pas fabriqu\u00e9s par nous, mais qui sont inclus dans le produit final, comme un convertisseur de fr\u00e9quence.<br \/>\nElecmegom met \u00e0 votre service un d\u00e9partement exclusif pour effectuer des r\u00e9parations rapides et efficaces, en minimisant le temps \u00e9coul\u00e9 entre la r\u00e9ception du mat\u00e9riel endommag\u00e9 et son retour.<\/p>\n<p>Les articles suivants, en raison de leur nature, ne sont pas couverts par la garantie pendant une p\u00e9riode de 12 mois : les batteries, les chargeurs et les alimentations sans interruption (ASI).<\/p>\n<p>Les dommages \u00e0 tout produit et\/ou accessoire caus\u00e9s par la n\u00e9gligence, la mauvaise utilisation ou la violation des dispositions contenues dans le manuel d&rsquo;utilisation sont exclus de la garantie.[\/vc_column_text][\/vc_column][vc_column animation=\u00a0\u00bb0&Prime; width=\u00a0\u00bb1\/2&Prime; el_class=\u00a0\u00bbfila\u00a0\u00bb][vc_column_text]<img decoding=\"async\" src=\"\/..\/..\/wp-content\/uploads\/2023\/12\/garantia.jpg\" width=\"520\" \/>[\/vc_column_text][\/vc_column][\/vc_row][vc_row][vc_column animation=\u00a0\u00bb0&Prime; width=\u00a0\u00bb1\/2&Prime; el_class=\u00a0\u00bbfila\u00a0\u00bb][vc_column_text]<img decoding=\"async\" src=\"\/..\/..\/wp-content\/uploads\/2023\/12\/estudio-proyectos.jpg\" width=\"520\" \/>[\/vc_column_text][\/vc_column][vc_column animation=\u00a0\u00bb0&Prime; width=\u00a0\u00bb1\/2&Prime; el_class=\u00a0\u00bbfila\u00a0\u00bb][vc_column_text]<\/p>\n<h2>Nouvelles \u00e9tudes de projets<\/h2>\n<p>Notre int\u00e9r\u00eat pour le d\u00e9veloppement de nouvelles technologies et notre capacit\u00e9 \u00e0 g\u00e9n\u00e9rer de nouvelles applications qui peuvent aider nos clients.<br \/>\nNous offrons la possibilit\u00e9 de r\u00e9aliser l&rsquo;\u00e9tude n\u00e9cessaire \u00e0 l&rsquo;utilisation de l&rsquo;un de nos produits, \u00e0 mettre en \u0153uvre dans un projet qui, en raison de ses caract\u00e9ristiques particuli\u00e8res, ne peut trouver de solution standard sur le march\u00e9, en r\u00e9alisant une \u00e9valuation non contraignante des \u00e9l\u00e9ments n\u00e9cessaires et en offrant tout notre soutien, tant mat\u00e9riel qu&rsquo;humain, pour mener \u00e0 bien le projet.[\/vc_column_text][\/vc_column][\/vc_row]<\/p>\n<\/div>","protected":false},"excerpt":{"rendered":"<p>[vc_row bg_color=\u00a0\u00bb#e8e8e8&Prime; class=\u00a0\u00bbfila-gris\u00a0\u00bb][vc_column animation=\u00a0\u00bb0&Prime; width=\u00a0\u00bb1\/2&Prime; el_class=\u00a0\u00bbfila\u00a0\u00bb][vc_column_text] Service apr\u00e8s-vente Notre service d&rsquo;assistance technique est ouvert de 9h00 \u00e0 18h00 du lundi au vendredi, pr\u00eat \u00e0 r\u00e9pondre \u00e0 tout incident pouvant survenir&#8230;<\/p>\n","protected":false},"author":7,"featured_media":0,"parent":0,"menu_order":0,"comment_status":"closed","ping_status":"closed","template":"","meta":{"_acf_changed":false,"footnotes":""},"class_list":["post-4774","page","type-page","status-publish","hentry"],"acf":[],"_links":{"self":[{"href":"https:\/\/elecmegom.com\/fr\/wp-json\/wp\/v2\/pages\/4774","targetHints":{"allow":["GET"]}}],"collection":[{"href":"https:\/\/elecmegom.com\/fr\/wp-json\/wp\/v2\/pages"}],"about":[{"href":"https:\/\/elecmegom.com\/fr\/wp-json\/wp\/v2\/types\/page"}],"author":[{"embeddable":true,"href":"https:\/\/elecmegom.com\/fr\/wp-json\/wp\/v2\/users\/7"}],"replies":[{"embeddable":true,"href":"https:\/\/elecmegom.com\/fr\/wp-json\/wp\/v2\/comments?post=4774"}],"version-history":[{"count":7,"href":"https:\/\/elecmegom.com\/fr\/wp-json\/wp\/v2\/pages\/4774\/revisions"}],"predecessor-version":[{"id":4925,"href":"https:\/\/elecmegom.com\/fr\/wp-json\/wp\/v2\/pages\/4774\/revisions\/4925"}],"wp:attachment":[{"href":"https:\/\/elecmegom.com\/fr\/wp-json\/wp\/v2\/media?parent=4774"}],"curies":[{"name":"wp","href":"https:\/\/api.w.org\/{rel}","templated":true}]}}